{"id":10,"date":"2023-04-05T14:11:24","date_gmt":"2023-04-05T18:11:24","guid":{"rendered":"http:\/\/localhost\/lorette\/?page_id=10"},"modified":"2023-04-23T23:24:42","modified_gmt":"2023-04-23T23:24:42","slug":"home","status":"publish","type":"page","link":"https:\/\/centrelorette.com\/","title":{"rendered":"Home"},"content":{"rendered":"\n<p>Cliquez sur Ins\u00e9rer et s\u00e9lectionnez les \u00e9l\u00e9ments de votre choix dans les diff\u00e9rentes galeries.Les th\u00e8mes et les styles vous permettent \u00e9galement de structurer votre document. Quand vous cliquez sur Cr\u00e9ation et s\u00e9lectionnez un nouveau th\u00e8me, les images, graphiques et SmartArt sont modifi\u00e9s pour correspondre au nouveau th\u00e8me choisi. Quand vous appliquez des styles, les titres changent pour refl\u00e9ter le nouveau th\u00e8me. Gagnez du temps dans Word gr\u00e2ce aux nouveaux boutons qui s&rsquo;affichent quand vous en avez besoin.<\/p>\n","protected":false},"excerpt":{"rendered":"<p>Cliquez sur Ins\u00e9rer et s\u00e9lectionnez les \u00e9l\u00e9ments de votre choix dans les diff\u00e9rentes galeries.Les th\u00e8mes et les styles vous permettent \u00e9galement de structurer votre document. Quand vous cliquez sur Cr\u00e9ation et s\u00e9lectionnez un nouveau th\u00e8me, les images, graphiques et SmartArt sont modifi\u00e9s pour correspondre au nouveau th\u00e8me choisi. Quand vous appliquez des styles, les titres [&hellip;]<\/p>\n","protected":false},"author":1,"featured_media":0,"parent":0,"menu_order":0,"comment_status":"closed","ping_status":"closed","template":"templates\/template-frontpage.php","meta":{"footnotes":""},"class_list":["post-10","page","type-page","status-publish","hentry"],"_links":{"self":[{"href":"https:\/\/centrelorette.com\/index.php?rest_route=\/wp\/v2\/pages\/10","targetHints":{"allow":["GET"]}}],"collection":[{"href":"https:\/\/centrelorette.com\/index.php?rest_route=\/wp\/v2\/pages"}],"about":[{"href":"https:\/\/centrelorette.com\/index.php?rest_route=\/wp\/v2\/types\/page"}],"author":[{"embeddable":true,"href":"https:\/\/centrelorette.com\/index.php?rest_route=\/wp\/v2\/users\/1"}],"replies":[{"embeddable":true,"href":"https:\/\/centrelorette.com\/index.php?rest_route=%2Fwp%2Fv2%2Fcomments&post=10"}],"version-history":[{"count":1,"href":"https:\/\/centrelorette.com\/index.php?rest_route=\/wp\/v2\/pages\/10\/revisions"}],"predecessor-version":[{"id":111,"href":"https:\/\/centrelorette.com\/index.php?rest_route=\/wp\/v2\/pages\/10\/revisions\/111"}],"wp:attachment":[{"href":"https:\/\/centrelorette.com\/index.php?rest_route=%2Fwp%2Fv2%2Fmedia&parent=10"}],"curies":[{"name":"wp","href":"https:\/\/api.w.org\/{rel}","templated":true}]}}