{"id":217,"date":"2023-05-02T04:29:00","date_gmt":"2023-05-02T04:29:00","guid":{"rendered":"http:\/\/localhost\/lorette\/?page_id=217"},"modified":"2025-11-28T08:27:08","modified_gmt":"2025-11-28T08:27:08","slug":"restaurant","status":"publish","type":"page","link":"https:\/\/centrelorette.com\/?page_id=217","title":{"rendered":"Restaurant"},"content":{"rendered":"\n<div class=\"wp-block-group is-vertical is-layout-flex wp-container-core-group-is-layout-8cf370e7 wp-block-group-is-layout-flex\">\n<p>Bienvenue dans notre restaurant. Voici quelques plats et produits dont nous disposons. <\/p>\n\n\n\n<p>Le restaurant est ouvert tous les jours de 6h30 \u00e0 23h00 (GMT). Vous pouvez ainsi vous restaurer sur place, sans aucun d\u00e9placement hors du Centre.<\/p>\n\n\n\n<p>Le petit-d\u00e9jeuner est gracieusement offert \u00e0 tous nos R\u00e9sidents, chaque matin.<\/p>\n\n\n\n<p>Un service de bar est \u00e9galement disponible, proposant un large choix de boissons vari\u00e9es tout au long de la journ\u00e9e.<\/p>\n<\/div>\n\n\n\n<figure class=\"wp-block-gallery has-nested-images columns-default is-cropped wp-block-gallery-1 is-layout-flex wp-block-gallery-is-layout-flex\">\n<figure class=\"wp-block-image size-large\"><img loading=\"lazy\" decoding=\"async\" width=\"206\" height=\"206\" data-id=\"276\" src=\"https:\/\/centrelorette.com\/wp-content\/uploads\/2023\/08\/305485422_434531095324267_686681485301059983_n.jpg\" alt=\"\" class=\"wp-image-276\" srcset=\"https:\/\/centrelorette.com\/wp-content\/uploads\/2023\/08\/305485422_434531095324267_686681485301059983_n.jpg 206w, https:\/\/centrelorette.com\/wp-content\/uploads\/2023\/08\/305485422_434531095324267_686681485301059983_n-150x150.jpg 150w, https:\/\/centrelorette.com\/wp-content\/uploads\/2023\/08\/305485422_434531095324267_686681485301059983_n-100x100.jpg 100w\" sizes=\"auto, (max-width: 206px) 100vw, 206px\" \/><figcaption class=\"wp-element-caption\">Poulet roti<\/figcaption><\/figure>\n\n\n\n<figure class=\"wp-block-image size-large\"><img loading=\"lazy\" decoding=\"async\" width=\"206\" height=\"206\" data-id=\"277\" src=\"https:\/\/centrelorette.com\/wp-content\/uploads\/2023\/08\/319210635_859935381995623_3640414774587239444_n.jpg\" alt=\"\" class=\"wp-image-277\" srcset=\"https:\/\/centrelorette.com\/wp-content\/uploads\/2023\/08\/319210635_859935381995623_3640414774587239444_n.jpg 206w, https:\/\/centrelorette.com\/wp-content\/uploads\/2023\/08\/319210635_859935381995623_3640414774587239444_n-150x150.jpg 150w, https:\/\/centrelorette.com\/wp-content\/uploads\/2023\/08\/319210635_859935381995623_3640414774587239444_n-100x100.jpg 100w\" sizes=\"auto, (max-width: 206px) 100vw, 206px\" \/><figcaption class=\"wp-element-caption\">Poulet brais\u00e9<\/figcaption><\/figure>\n\n\n\n<figure class=\"wp-block-image size-large\"><img loading=\"lazy\" decoding=\"async\" width=\"206\" height=\"206\" data-id=\"278\" src=\"https:\/\/centrelorette.com\/wp-content\/uploads\/2023\/08\/342799791_638471691634657_5682531564762681636_n.jpg\" alt=\"\" class=\"wp-image-278\" srcset=\"https:\/\/centrelorette.com\/wp-content\/uploads\/2023\/08\/342799791_638471691634657_5682531564762681636_n.jpg 206w, https:\/\/centrelorette.com\/wp-content\/uploads\/2023\/08\/342799791_638471691634657_5682531564762681636_n-150x150.jpg 150w, https:\/\/centrelorette.com\/wp-content\/uploads\/2023\/08\/342799791_638471691634657_5682531564762681636_n-100x100.jpg 100w\" sizes=\"auto, (max-width: 206px) 100vw, 206px\" \/><figcaption class=\"wp-element-caption\">Steak de filet de b\u0153uf<\/figcaption><\/figure>\n\n\n\n<figure class=\"wp-block-image size-large\"><img loading=\"lazy\" decoding=\"async\" width=\"207\" height=\"206\" data-id=\"279\" src=\"https:\/\/centrelorette.com\/wp-content\/uploads\/2023\/08\/342871931_766320591544085_3003007502569543039_n.jpg\" alt=\"\" class=\"wp-image-279\" srcset=\"https:\/\/centrelorette.com\/wp-content\/uploads\/2023\/08\/342871931_766320591544085_3003007502569543039_n.jpg 207w, https:\/\/centrelorette.com\/wp-content\/uploads\/2023\/08\/342871931_766320591544085_3003007502569543039_n-150x150.jpg 150w, https:\/\/centrelorette.com\/wp-content\/uploads\/2023\/08\/342871931_766320591544085_3003007502569543039_n-100x100.jpg 100w\" sizes=\"auto, (max-width: 207px) 100vw, 207px\" \/><figcaption class=\"wp-element-caption\">Steak hach\u00e9<\/figcaption><\/figure>\n\n\n\n<figure class=\"wp-block-image size-large\"><img loading=\"lazy\" decoding=\"async\" width=\"206\" height=\"206\" data-id=\"280\" src=\"https:\/\/centrelorette.com\/wp-content\/uploads\/2023\/08\/344023968_231300346213759_8540435464350791184_n.jpg\" alt=\"\" class=\"wp-image-280\" srcset=\"https:\/\/centrelorette.com\/wp-content\/uploads\/2023\/08\/344023968_231300346213759_8540435464350791184_n.jpg 206w, https:\/\/centrelorette.com\/wp-content\/uploads\/2023\/08\/344023968_231300346213759_8540435464350791184_n-150x150.jpg 150w, https:\/\/centrelorette.com\/wp-content\/uploads\/2023\/08\/344023968_231300346213759_8540435464350791184_n-100x100.jpg 100w\" sizes=\"auto, (max-width: 206px) 100vw, 206px\" \/><figcaption class=\"wp-element-caption\">Arachide grill\u00e9es<\/figcaption><\/figure>\n\n\n\n<figure class=\"wp-block-image size-large\"><img loading=\"lazy\" decoding=\"async\" width=\"206\" height=\"206\" data-id=\"281\" src=\"https:\/\/centrelorette.com\/wp-content\/uploads\/2023\/08\/344594509_910246250280934_2486167037597217838_n.jpg\" alt=\"\" class=\"wp-image-281\" srcset=\"https:\/\/centrelorette.com\/wp-content\/uploads\/2023\/08\/344594509_910246250280934_2486167037597217838_n.jpg 206w, https:\/\/centrelorette.com\/wp-content\/uploads\/2023\/08\/344594509_910246250280934_2486167037597217838_n-150x150.jpg 150w, https:\/\/centrelorette.com\/wp-content\/uploads\/2023\/08\/344594509_910246250280934_2486167037597217838_n-100x100.jpg 100w\" sizes=\"auto, (max-width: 206px) 100vw, 206px\" \/><figcaption class=\"wp-element-caption\">Diff\u00e9rente type d&rsquo;arachide<\/figcaption><\/figure>\n\n\n\n<figure class=\"wp-block-image size-large\"><img loading=\"lazy\" decoding=\"async\" width=\"206\" height=\"206\" data-id=\"282\" src=\"https:\/\/centrelorette.com\/wp-content\/uploads\/2023\/08\/345448538_191741227090124_9038345626376746223_n.jpg\" alt=\"\" class=\"wp-image-282\" srcset=\"https:\/\/centrelorette.com\/wp-content\/uploads\/2023\/08\/345448538_191741227090124_9038345626376746223_n.jpg 206w, https:\/\/centrelorette.com\/wp-content\/uploads\/2023\/08\/345448538_191741227090124_9038345626376746223_n-150x150.jpg 150w, https:\/\/centrelorette.com\/wp-content\/uploads\/2023\/08\/345448538_191741227090124_9038345626376746223_n-100x100.jpg 100w\" sizes=\"auto, (max-width: 206px) 100vw, 206px\" \/><figcaption class=\"wp-element-caption\">Brochette<\/figcaption><\/figure>\n\n\n\n<figure class=\"wp-block-image size-large\"><img loading=\"lazy\" decoding=\"async\" width=\"206\" height=\"206\" data-id=\"283\" src=\"https:\/\/centrelorette.com\/wp-content\/uploads\/2023\/08\/347236765_3529002074027447_5346438946134821009_n.jpg\" alt=\"\" class=\"wp-image-283\" srcset=\"https:\/\/centrelorette.com\/wp-content\/uploads\/2023\/08\/347236765_3529002074027447_5346438946134821009_n.jpg 206w, https:\/\/centrelorette.com\/wp-content\/uploads\/2023\/08\/347236765_3529002074027447_5346438946134821009_n-150x150.jpg 150w, https:\/\/centrelorette.com\/wp-content\/uploads\/2023\/08\/347236765_3529002074027447_5346438946134821009_n-100x100.jpg 100w\" sizes=\"auto, (max-width: 206px) 100vw, 206px\" \/><figcaption class=\"wp-element-caption\">Steak de filet de b\u0153uf<\/figcaption><\/figure>\n\n\n\n<figure class=\"wp-block-image size-large\"><img loading=\"lazy\" decoding=\"async\" width=\"206\" height=\"202\" data-id=\"284\" src=\"https:\/\/centrelorette.com\/wp-content\/uploads\/2023\/08\/347583316_608444474599594_5200674870922131188_n.jpg\" alt=\"\" class=\"wp-image-284\"\/><figcaption class=\"wp-element-caption\">Poulet grill\u00e9 aux l\u00e9gumes<\/figcaption><\/figure>\n<\/figure>\n","protected":false},"excerpt":{"rendered":"<p>Bienvenue dans notre restaurant. Voici quelques plats et produits dont nous disposons. Le restaurant est ouvert tous les jours de 6h30 \u00e0 23h00 (GMT). Vous pouvez ainsi vous restaurer sur place, sans aucun d\u00e9placement hors du Centre. Le petit-d\u00e9jeuner est gracieusement offert \u00e0 tous nos R\u00e9sidents, chaque matin. Un service de bar est \u00e9galement disponible, [&hellip;]<\/p>\n","protected":false},"author":1,"featured_media":0,"parent":0,"menu_order":0,"comment_status":"closed","ping_status":"closed","template":"","meta":{"footnotes":""},"class_list":["post-217","page","type-page","status-publish","hentry"],"_links":{"self":[{"href":"https:\/\/centrelorette.com\/index.php?rest_route=\/wp\/v2\/pages\/217","targetHints":{"allow":["GET"]}}],"collection":[{"href":"https:\/\/centrelorette.com\/index.php?rest_route=\/wp\/v2\/pages"}],"about":[{"href":"https:\/\/centrelorette.com\/index.php?rest_route=\/wp\/v2\/types\/page"}],"author":[{"embeddable":true,"href":"https:\/\/centrelorette.com\/index.php?rest_route=\/wp\/v2\/users\/1"}],"replies":[{"embeddable":true,"href":"https:\/\/centrelorette.com\/index.php?rest_route=%2Fwp%2Fv2%2Fcomments&post=217"}],"version-history":[{"count":4,"href":"https:\/\/centrelorette.com\/index.php?rest_route=\/wp\/v2\/pages\/217\/revisions"}],"predecessor-version":[{"id":359,"href":"https:\/\/centrelorette.com\/index.php?rest_route=\/wp\/v2\/pages\/217\/revisions\/359"}],"wp:attachment":[{"href":"https:\/\/centrelorette.com\/index.php?rest_route=%2Fwp%2Fv2%2Fmedia&parent=217"}],"curies":[{"name":"wp","href":"https:\/\/api.w.org\/{rel}","templated":true}]}}