{"id":80,"date":"2023-04-20T04:21:20","date_gmt":"2023-04-20T08:21:20","guid":{"rendered":"http:\/\/localhost\/lorette\/?post_type=product&#038;p=80"},"modified":"2024-08-09T11:20:08","modified_gmt":"2024-08-09T11:20:08","slug":"les-oeuvres-dart","status":"publish","type":"product","link":"https:\/\/centrelorette.com\/?product=les-oeuvres-dart","title":{"rendered":"Les \u0153uvres d&rsquo;art"},"content":{"rendered":"<p>La r\u00e9alisation de ce travail a n\u00e9cessit\u00e9 le concours de nombreuses personnes. Aussi, je tiens \u00e0 leur exprimer ici ma profonde reconnaissance<\/p>\n","protected":false},"excerpt":{"rendered":"<p>La r\u00e9alisation de ce travail a n\u00e9cessit\u00e9 le concours de nombreuses personnes. Aussi, je tiens \u00e0 leur exprimer ici ma profonde reconnaissance<\/p>\n","protected":false},"featured_media":14,"comment_status":"open","ping_status":"closed","template":"","meta":[],"product_brand":[],"product_cat":[16],"product_tag":[25],"class_list":{"0":"post-80","1":"product","2":"type-product","3":"status-publish","4":"has-post-thumbnail","6":"product_cat-non-classe","7":"product_tag-masque","9":"first","10":"onbackorder","11":"downloadable","12":"shipping-taxable","13":"purchasable","14":"product-type-simple"},"_links":{"self":[{"href":"https:\/\/centrelorette.com\/index.php?rest_route=\/wp\/v2\/product\/80","targetHints":{"allow":["GET"]}}],"collection":[{"href":"https:\/\/centrelorette.com\/index.php?rest_route=\/wp\/v2\/product"}],"about":[{"href":"https:\/\/centrelorette.com\/index.php?rest_route=\/wp\/v2\/types\/product"}],"replies":[{"embeddable":true,"href":"https:\/\/centrelorette.com\/index.php?rest_route=%2Fwp%2Fv2%2Fcomments&post=80"}],"wp:featuredmedia":[{"embeddable":true,"href":"https:\/\/centrelorette.com\/index.php?rest_route=\/wp\/v2\/media\/14"}],"wp:attachment":[{"href":"https:\/\/centrelorette.com\/index.php?rest_route=%2Fwp%2Fv2%2Fmedia&parent=80"}],"wp:term":[{"taxonomy":"product_brand","embeddable":true,"href":"https:\/\/centrelorette.com\/index.php?rest_route=%2Fwp%2Fv2%2Fproduct_brand&post=80"},{"taxonomy":"product_cat","embeddable":true,"href":"https:\/\/centrelorette.com\/index.php?rest_route=%2Fwp%2Fv2%2Fproduct_cat&post=80"},{"taxonomy":"product_tag","embeddable":true,"href":"https:\/\/centrelorette.com\/index.php?rest_route=%2Fwp%2Fv2%2Fproduct_tag&post=80"}],"curies":[{"name":"wp","href":"https:\/\/api.w.org\/{rel}","templated":true}]}}